{"id":1937,"date":"2023-01-25T12:08:15","date_gmt":"2023-01-25T11:08:15","guid":{"rendered":"https:\/\/bricks.lindebjerg.de\/menu-cards\/weinkarte\/"},"modified":"2026-04-12T18:00:16","modified_gmt":"2026-04-12T16:00:16","slug":"winecard","status":"publish","type":"page","link":"https:\/\/hardthaus.de\/en\/menu-cards\/winecard\/","title":{"rendered":"Wine list"},"content":{"rendered":"\n<h2 class=\"wp-block-heading\">Aperitif<\/h2>\n\n\n\n<p>Hugo glass \u2013 \u20ac8.00<br>Aperol Spritz glass \u2013 \u20ac8.00<br>Campari Orange glass \u2013 \u20ac8.00<br>Dark &amp; Stormy, Spiced Rum, Lime, Ginger Beer glass \u2013 \u20ac9.00<br>Passion Fruit, Prosecco, Mint glass \u2013 \u20ac8.00<br>Aperol Spritz or Hugo non-alcoholic glass \u2013 \u20ac6.00<br>Spicy Ginger, Lime, Mint non-alcoholic glass \u2013 \u20ac7.00<br>Pink Grapefruit non-alcoholic glass \u2013 \u20ac8.00<\/p>\n\n\n\n<h2 class=\"wp-block-heading\">Champagne\/Sparkling Wine<\/h2>\n\n\n\n<p>Cr\u00e9mant de Loire Bouvet Excellence France 0.1 l \u2013 \u20ac9.00<br>Cr\u00e9mant de Loire Ros\u00e9 Bouvet Excellence France 0.1 l \u2013 \u20ac9.00<br>Non-alcoholic sparkling wine 0.1 l \u2013 \u20ac7.00<br>Riesling Sekt P\u00fcndericher Marienburg Frank Brohl 2022 Brut Mosel 0.75 l \u2013 \u20ac35.00<br>Geiger und S\u00f6hne Secco Franconia Germany 0.75 l \u2013 \u20ac45.00<br>Valdo Spumante IKI Extra Dry Valdobbiadene 0.75 l \u2013 \u20ac45.00<br>Bernard Br\u00e9mont \u00c9l\u00e9gance Ros\u00e9 Champagne 0.75 l \u2013 \u20ac85.00<br>Bernard Remy Grand Cru Brut Champagne 0.75 l \u2013 \u20ac85.00<br>Bouvet Tr\u00e9sor Ros\u00e9 Brut Saumur 1.5 l \u2013 \u20ac99.00<\/p>\n\n\n\n<h2 class=\"wp-block-heading\">Non-Alcoholic Beverages<\/h2>\n\n\n\n<p>PYUR Hardthaus Water Still \/ Medium \/ Sparkling 0.75 l \u2013 \u20ac6.00<br>Coca-Cola 0.33 l \u2013 \u20ac5.00<br>Coca-Cola Zero 0.33 l \u2013 \u20ac5.00<br>Fanta 0.33 l \u2013 \u20ac5.00<br>Almdudler 0.35 l \u2013 \u20ac5.00<br>Apple Juice Spritzer (cloudy) 0.4 l \u2013 \u20ac6.00<br>Blackcurrant Juice Spritzer 0.4 l \u2013 \u20ac6.00<br>Rhubarb Juice Spritzer 0.4 l \u2013 \u20ac6.00<br>Passion Fruit Juice Spritzer 0.4 l \u2013 \u20ac6.00<br>Lemonade 0.5 l \u2013 \u20ac4.00<\/p>\n\n\n\n<h2 class=\"wp-block-heading\">Beers<\/h2>\n\n\n\n<p>Sch\u00f6nramer Pilsner 0.33 l \u2013 \u20ac4.00<br>Sch\u00f6nramer Helles 0.50 l \u2013 \u20ac5.00<br>Sch\u00f6nramer Wheat Beer 0.50 l \u2013 \u20ac5.00<br>Sch\u00f6nramer Wheat Beer non-alcoholic 0.50 l \u2013 \u20ac5.00<br>Lammsbr\u00e4u Organic Beer non-alcoholic 0.33 l \u2013 \u20ac5.00<br>Sch\u00f6nramer Bavarian Pale Ale 0.33 l \u2013 \u20ac6.00<\/p>\n\n\n\n<h2 class=\"wp-block-heading\">Coffee<\/h2>\n\n\n\n<p>(from T\u00f6ginger private roastery CaTienda)<\/p>\n\n\n\n<p>Caf\u00e9 Cr\u00e8me cup \u2013 \u20ac4.00<br>Espresso cup \u2013 \u20ac3.50<br>Cappuccino cup \u2013 \u20ac4.50<br>Double Espresso cup \u2013 \u20ac5.00<\/p>\n\n\n\n<h2 class=\"wp-block-heading\">Tea<\/h2>\n\n\n\n<p>(Turm Organic Tea served in Japanese teapot)<\/p>\n\n\n\n<p>Assam Second Flush Black Tea pot \u2013 \u20ac6.50<br>Swiss Herbal pot \u2013 \u20ac6.50<br>Strawberry &amp; Mint pot \u2013 \u20ac6.50<br>Ginger, Lemon &amp; Mango pot \u2013 \u20ac6.50<\/p>\n\n\n\n<h2 class=\"wp-block-heading\">Wines by the Glass<\/h2>\n\n\n\n<h3 class=\"wp-block-heading\">White<\/h3>\n\n\n\n<p>2024 Grillo Zab\u00f9 Sicily Italy 0.2 l \u2013 \u20ac7.00<br>2023 Silvaner Hugo Brennfleck Sulzfeld am Main 0.2 l \u2013 \u20ac9.00<br>2024 Pinot Gris Keth Rheinhessen 0.2 l \u2013 \u20ac9.00<\/p>\n\n\n\n<h3 class=\"wp-block-heading\">Ros\u00e9<\/h3>\n\n\n\n<p>2023 Rosefine Provence France 0.2 l \u2013 \u20ac11.00<\/p>\n\n\n\n<h3 class=\"wp-block-heading\">Red<\/h3>\n\n\n\n<p>2022 Syrah Zab\u00f9 Sicily Italy 0.2 l \u2013 \u20ac9.00<br>2023 Merlot Primitivo Luce del Sole Apulia Italy 0.2 l \u2013 \u20ac9.00<br>2023 Barbanera Eterno Tuscany 0.2 l \u2013 \u20ac14.00<\/p>\n\n\n\n<h2 class=\"wp-block-heading\">White Wines<\/h2>\n\n\n\n<h3 class=\"wp-block-heading\">Germany<\/h3>\n\n\n\n<p>2024 Schr\u00e4glage Pinot Gris Rheinhessen 0.75 l \u2013 \u20ac30.00<br>2024 Pinot Gris Keth Rheinhessen 0.75 l \u2013 \u20ac30.00<br>2024 Chardonnay Keth Rheinhessen 0.75 l \u2013 \u20ac30.00<br>2024 Riesling Grauschiefer Schmitges Mosel 0.75 l \u2013 \u20ac40.00<br>2023 Riesling Alte Reben Carl Loewen Mosel 0.75 l \u2013 \u20ac70.00<br>2022 Riesling Pr\u00e4lat GG Schmitges Mosel 0.75 l \u2013 \u20ac78.00<\/p>\n\n\n\n<h3 class=\"wp-block-heading\">Weingut Hugo Brennfleck, Franconia<\/h3>\n\n\n\n<p>2023 Silvaner Kronsberg Iphofen 0.75 l \u2013 \u20ac29.00<br>2023 Scheurebe Kronsberg Iphofen 0.75 l \u2013 \u20ac29.00<br>2023 Riesling Steep Slope Escherndorfer Lump 0.75 l \u2013 \u20ac48.00<\/p>\n\n\n\n<h3 class=\"wp-block-heading\">Austria<\/h3>\n\n\n\n<p>2022 Pinot Blanc D\u00fcrnberg Reserve Falkenstein Lower Austria 0.75 l \u2013 \u20ac50.00<br>2023 Gr\u00fcner Veltliner Alte Reben Josef Dockner Wachau 0.75 l \u2013 \u20ac45.00<br>2023 Gr\u00fcner Veltliner Smaragd Steinborz Lagler Wachau 0.75 l \u2013 \u20ac75.00<\/p>\n\n\n\n<h3 class=\"wp-block-heading\">Weingut Schwarz, Lower Austria<\/h3>\n\n\n\n<p>2023 Gr\u00fcner Veltliner 0.75 l \u2013 \u20ac29.00<br>2023 Sauvignon Blanc 0.75 l \u2013 \u20ac36.00<br>2019 Chardonnay Premium 0.75 l \u2013 \u20ac60.00<\/p>\n\n\n\n<h3 class=\"wp-block-heading\">Italy<\/h3>\n\n\n\n<p>2024 Lugana Wighel Tenuta Lombardy 0.75 l \u2013 \u20ac42.00<br>2024 Grillo Zab\u00f9 Sicily 0.75 l \u2013 \u20ac24.00<br>2023 Verdicchio di Matelica Petrara Marche 0.75 l \u2013 \u20ac49.00<br>2024 Sauvignon Blanc Tenuta Ca&#8217; Bolani Friuli 0.75 l \u2013 \u20ac36.00<br>2024 Sauvignon Blanc Zorzettig Friuli 0.75 l \u2013 \u20ac40.00<br>2023 Timorasso Volpi Tortona Piedmont 0.75 l \u2013 \u20ac45.00<br>2022 Amistar Peter S\u00f6lva Kaltern South Tyrol 0.75 l \u2013 \u20ac80.00<\/p>\n\n\n\n<h3 class=\"wp-block-heading\">France<\/h3>\n\n\n\n<p>2023 Chardonnay Louis Latour Ard\u00e8che Burgundy 0.75 l \u2013 \u20ac35.00<br>2023 Chablis Le Finage Le Chablisienne Burgundy 0.75 l \u2013 \u20ac49.00<br>2023 Chardonnay Anne de Joyeuse La Butini\u00e8re Limoux 0.75 l \u2013 \u20ac49.00<br>2023 Sancerre Henri Bourgeois Loire 0.75 l \u2013 \u20ac69.00<\/p>\n\n\n\n<h2 class=\"wp-block-heading\">Ros\u00e9 Wines<\/h2>\n\n\n\n<p>2023 Rosefine Provence France 0.75 l \u2013 \u20ac32.00<\/p>\n\n\n\n<h2 class=\"wp-block-heading\">Red Wines<\/h2>\n\n\n\n<h3 class=\"wp-block-heading\">Germany<\/h3>\n\n\n\n<p>2016 Pinot Noir Mettenheimer Schlossberg Becker Rheinhessen 0.75 l \u2013 \u20ac49.00<br>2022 Pinot Noir Hainfeld Bernhard Koch Palatinate 0.75 l \u2013 \u20ac45.00<br>2019 Master Cabernet Sauvignon Pinot Noir Studier Palatinate 0.75 l \u2013 \u20ac50.00<\/p>\n\n\n\n<h3 class=\"wp-block-heading\">Austria<\/h3>\n\n\n\n<p>2019 Zweigelt Premium Weingut Schwarz Lower Austria 0.75 l \u2013 \u20ac65.00<\/p>\n\n\n\n<h3 class=\"wp-block-heading\">Italy<\/h3>\n\n\n\n<p>2023 Merlot Primitivo Luce del Sole Apulia 0.75 l \u2013 \u20ac26.00<br>2024 Negroamaro I Muri Apulia 0.75 l \u2013 \u20ac26.00<br>2022 Syrah Zab\u00f9 Sicily 0.75 l \u2013 \u20ac26.00<br>2024 Nero d&#8217;Avola Funaro Sicily 0.75 l \u2013 \u20ac49.00<br>2023 Barbanera Eterno Tuscany 0.75 l \u2013 \u20ac40.00<br>2021 Morellino di Scansano Fattoria Le Pupille Grosseto Tuscany 0.75 l \u2013 \u20ac50.00<br>2022 Morellino di Scansano 414 Maurizio Castelli Magliano Tuscany 0.75 l \u2013 \u20ac50.00<br>2022 Amistar Peter S\u00f6lva Kaltern South Tyrol 0.75 l \u2013 \u20ac80.00<\/p>\n\n\n\n<h3 class=\"wp-block-heading\">France<\/h3>\n\n\n\n<p>2022 Grand Marrenon Syrah Grenache Luberon 0.75 l \u2013 \u20ac50.00<br>2021 Ch\u00e2teau de Caraguilhes Corbi\u00e8res 0.75 l \u2013 \u20ac35.00<br>2023 Grenache Syrah Mourv\u00e8dre Famille Perrin C\u00f4tes du Rh\u00f4ne 0.75 l \u2013 \u20ac35.00<br>2019 Merlot Cabernet Franc Ch\u00e2teau d&#8217;Aiguilhe Bordeaux 0.75 l \u2013 \u20ac50.00<br>2020 Gevrey-Chambertin Vieilles Vignes Faiveley Bourgogne 0.75 l \u2013 \u20ac190.00<\/p>\n\n\n\n<h3 class=\"wp-block-heading\">Spain<\/h3>\n\n\n\n<p>2021 Petit Hipperia Cabernet Sauvignon Syrah Petit Verdot 0.75 l \u2013 \u20ac60.00<\/p>\n\n\n\n<h3 class=\"wp-block-heading\">Portugal<\/h3>\n\n\n\n<p>2020 Burmester Douro Touriga Nacional Tinta Roriz Vila Nova de Gaia 0.75 l \u2013 \u20ac49.00<\/p>\n\n\n\n<h2 class=\"wp-block-heading\">Sweet Wines<\/h2>\n\n\n\n<p>2020 Forstmeister Geltz Zilliken Riesling Kabinett Mosel 0.375 l \u2013 \u20ac52.00<br>2017 Gr\u00fcner Veltliner Trockenbeerenauslese Weingut Lagler Wachau Austria 0.375 l \u2013 \u20ac40.00<br>2023 Tschida Sp\u00e4tlese Burgenland Austria 0.75 l \u2013 \u20ac40.00<br>2021 Recioto della Valpolicella Sartori Italy 0.5 l \u2013 \u20ac62.00<\/p>\n\n\n\n<p>Information about allergens and additives is available from our service staff<\/p>\n","protected":false},"excerpt":{"rendered":"<p>Aperitif Hugo glass \u2013 \u20ac8.00Aperol Spritz glass \u2013 \u20ac8.00Campari Orange glass \u2013 \u20ac8.00Dark &amp; Stormy, Spiced Rum, Lime, Ginger Beer glass \u2013 \u20ac9.00Passion Fruit, Prosecco, Mint glass \u2013 \u20ac8.00Aperol Spritz [&hellip;]<\/p>\n","protected":false},"author":1,"featured_media":1455,"parent":377,"menu_order":5,"comment_status":"closed","ping_status":"closed","template":"","meta":{"_acf_changed":false,"_seopress_robots_primary_cat":"","_seopress_titles_title":"%%post_title%% %%sep%% %%sitetitle%%","_seopress_titles_desc":"This wine and beverage list was created with dedication and passion by \r\nUIW-qualified sommelier Marc Vermetten.","_seopress_robots_index":"","footnotes":""},"class_list":["post-1937","page","type-page","status-publish","has-post-thumbnail","hentry"],"acf":[],"_links":{"self":[{"href":"https:\/\/hardthaus.de\/en\/wp-json\/wp\/v2\/pages\/1937","targetHints":{"allow":["GET"]}}],"collection":[{"href":"https:\/\/hardthaus.de\/en\/wp-json\/wp\/v2\/pages"}],"about":[{"href":"https:\/\/hardthaus.de\/en\/wp-json\/wp\/v2\/types\/page"}],"author":[{"embeddable":true,"href":"https:\/\/hardthaus.de\/en\/wp-json\/wp\/v2\/users\/1"}],"replies":[{"embeddable":true,"href":"https:\/\/hardthaus.de\/en\/wp-json\/wp\/v2\/comments?post=1937"}],"version-history":[{"count":23,"href":"https:\/\/hardthaus.de\/en\/wp-json\/wp\/v2\/pages\/1937\/revisions"}],"predecessor-version":[{"id":3365,"href":"https:\/\/hardthaus.de\/en\/wp-json\/wp\/v2\/pages\/1937\/revisions\/3365"}],"up":[{"embeddable":true,"href":"https:\/\/hardthaus.de\/en\/wp-json\/wp\/v2\/pages\/377"}],"wp:featuredmedia":[{"embeddable":true,"href":"https:\/\/hardthaus.de\/en\/wp-json\/wp\/v2\/media\/1455"}],"wp:attachment":[{"href":"https:\/\/hardthaus.de\/en\/wp-json\/wp\/v2\/media?parent=1937"}],"curies":[{"name":"wp","href":"https:\/\/api.w.org\/{rel}","templated":true}]}}